{"id":32,"date":"2017-07-09T15:01:01","date_gmt":"2017-07-09T15:01:01","guid":{"rendered":"http:\/\/drc-sauerland.de\/?page_id=32"},"modified":"2026-04-16T16:56:25","modified_gmt":"2026-04-16T16:56:25","slug":"ausbildung","status":"publish","type":"page","link":"https:\/\/drc-sauerland.de\/?page_id=32","title":{"rendered":"Ausbildung"},"content":{"rendered":"\n<p><\/p>\n\n\n\n<p><\/p>\n\n\n<p class=\"Stil43\"><span class=\"Stil74\">Ihr<strong> Ansprechpartner f\u00fcr Kurse und Trainingsstunden:<\/strong> <\/span><\/p>\n<p class=\"Stil43\"><span class=\"Stil74\"><a href=\"mailto:i_niemann@gmx.de\" target=\"_blank\" rel=\"noopener\">Iris Niemann<\/a>, Tel. 02261 \/ 28 88 71<\/span><\/p>\n<p><span class=\"Stil74\">\u00a0<a href=\"mailto:bundey-teschke@t-online.de\" target=\"_blank\" rel=\"noopener\">Christiane Bundey<\/a>, Tel. 02261 \/ 6 52 86\u00a0<\/span><\/p>\n<p class=\"Stil43\"><strong><span class=\"Stil74\">Trainingszeiten:<\/span><\/strong><\/p>\n<p>Wir bieten regelm\u00e4\u00dfig stattfindene Kurse in allen Bereichen an.<span class=\"Stil74\">\u00a0<\/span><br \/><span class=\"Stil74\"><br \/><\/span><\/p>\n<p class=\"Stil43\"><span class=\"Stil74\"><strong>Dummy-Anf\u00e4nger und Welpen Kurs:<\/strong><br \/>Anfragen an Iris Niemann, Email: <a href=\"mailto:i_niemann@gmx.de\" target=\"_blank\" rel=\"noopener\">Iris Niemann<\/a><\/span><\/p>\n<p>Dummy Anf\u00e4nger\u00a0<\/p>\n<p>Petra Stellberg , Email : <a href=\"mailto:p.stellberg@gmx.de\" target=\"_blank\" rel=\"noopener\">Petra Stellberg<\/a><\/p>\n<p class=\"Stil43\"><span class=\"Stil74\"><strong>Dummy-Fortgeschrittenen Kurs:<\/strong><br \/>Anfragen an Christiane Bundey, Email: <a href=\"mailto:bundey-teschke@t-online.de\" target=\"_blank\" rel=\"noopener\">Christiane Bundey<\/a><\/span><\/p>\n<p>Kurs Anmeldung \u00fcber die DRC Homepage<\/p>\n<p class=\"Stil74\"><strong>Junghunde und Welpen<\/strong><\/p>\n<p>Heike Bertels, Email: <a href=\"mailto:h.bertels@web.de\" target=\"_blank\" rel=\"noopener\">Heike Bertels<\/a><\/p>\n<p>Lena Kelting , Email: <a href=\"mailto:lena.kelting@gmx.de\" target=\"_blank\" rel=\"noopener\">Lena Kelting<\/a><\/p>\n<p>Kurs Anmeldung \u00fcber die <a href=\"https:\/\/drc.de\/adr\/listen\/show_details_1.php?evid=16797\" target=\"_blank\" rel=\"noopener\">DRC Homepage<\/a><\/p>\n<p><strong>Junghunde<\/strong><\/p>\n<p>Heike Bertels, Email: <a href=\"mailto:h.bertels@web.de\" target=\"_blank\" rel=\"noopener\">Heike Bertels<\/a><\/p>\n<p>Kurs Anmeldung \u00fcber die <a href=\"https:\/\/drc.de\/adr\/listen\/show_details_1.php?evid=16798\" target=\"_blank\" rel=\"noopener\">DRC Homepage<\/a><\/p>\n<p class=\"Stil74\"><strong>Wegbeschreibung zum BZG-\u00dcbungsplatz in Meinerzhagen:<\/strong><br \/>Von der Autobahnausfahrt\u00a0 16 (Meinerzhagen) der A45 auf die B54 Richtung Drolshagen fahren.<br \/>Nach ca. 1 km \u00fcberquert man die Autobahn, 400 m weiter geht es links ab auf die K4, Richtung Nordhellen\/Hardenberg.<br \/>Der Stra\u00dfe 500 m folgen, an der Einm\u00fcndung der Strasse nach Nordhellen vorbei fahren, 100m nach der Einm\u00fcndung folgt ein Elektroh\u00e4uschen, dort befindet sich der \u00dcbungsplatz.<br \/>(Navi : Sebastopol; Meinerzhagen)<\/p>\n<p>&nbsp;<\/p>\n<p class=\"Stil74\">\n\n\n<p><\/p>\n\n\n\n<p><\/p>\n","protected":false},"excerpt":{"rendered":"<p>Ihr Ansprechpartner f\u00fcr Kurse und Trainingsstunden: Iris Niemann, Tel. 02261 \/ 28 88 71 \u00a0Christiane Bundey, Tel. 02261 \/ 6 52 86\u00a0 Trainingszeiten: Wir bieten regelm\u00e4\u00dfig stattfindene Kurse in allen Bereichen an.\u00a0 Dummy-Anf\u00e4nger und Welpen Kurs:Anfragen an Iris Niemann, Email: Iris Niemann Dummy Anf\u00e4nger\u00a0 Petra Stellberg , Email : Petra Stellberg Dummy-Fortgeschrittenen Kurs:Anfragen an Christiane &hellip; <\/p>\n<p class=\"link-more\"><a href=\"https:\/\/drc-sauerland.de\/?page_id=32\" class=\"more-link\"><span class=\"screen-reader-text\">\u201eAusbildung\u201c<\/span> weiterlesen<\/a><\/p>\n","protected":false},"author":2,"featured_media":0,"parent":0,"menu_order":2,"comment_status":"closed","ping_status":"closed","template":"","meta":{"footnotes":""},"class_list":["post-32","page","type-page","status-publish","hentry"],"_links":{"self":[{"href":"https:\/\/drc-sauerland.de\/index.php?rest_route=\/wp\/v2\/pages\/32","targetHints":{"allow":["GET"]}}],"collection":[{"href":"https:\/\/drc-sauerland.de\/index.php?rest_route=\/wp\/v2\/pages"}],"about":[{"href":"https:\/\/drc-sauerland.de\/index.php?rest_route=\/wp\/v2\/types\/page"}],"author":[{"embeddable":true,"href":"https:\/\/drc-sauerland.de\/index.php?rest_route=\/wp\/v2\/users\/2"}],"replies":[{"embeddable":true,"href":"https:\/\/drc-sauerland.de\/index.php?rest_route=%2Fwp%2Fv2%2Fcomments&post=32"}],"version-history":[{"count":40,"href":"https:\/\/drc-sauerland.de\/index.php?rest_route=\/wp\/v2\/pages\/32\/revisions"}],"predecessor-version":[{"id":1480,"href":"https:\/\/drc-sauerland.de\/index.php?rest_route=\/wp\/v2\/pages\/32\/revisions\/1480"}],"wp:attachment":[{"href":"https:\/\/drc-sauerland.de\/index.php?rest_route=%2Fwp%2Fv2%2Fmedia&parent=32"}],"curies":[{"name":"wp","href":"https:\/\/api.w.org\/{rel}","templated":true}]}}